{"id":93,"date":"2022-10-27T12:27:26","date_gmt":"2022-10-27T10:27:26","guid":{"rendered":"https:\/\/pascal.crochard.dev\/?page_id=93"},"modified":"2023-05-22T18:21:45","modified_gmt":"2023-05-22T16:21:45","slug":"contact","status":"publish","type":"page","link":"https:\/\/pascal.crochard.dev\/index.php\/contact\/","title":{"rendered":"Contact"},"content":{"rendered":"<div data-colibri-id=\"93-c1\" class=\"style-204 style-local-93-c1 position-relative\">\n  <!---->\n  <div data-colibri-component=\"section\" data-colibri-id=\"93-c2\" id=\"custom\" class=\"h-section h-section-global-spacing d-flex align-items-lg-center align-items-md-center align-items-center style-542 style-local-93-c2 position-relative\">\n    <!---->\n    <!---->\n    <div class=\"h-section-grid-container h-section-boxed-container\">\n      <!---->\n      <div data-colibri-id=\"93-c3\" class=\"h-row-container gutters-row-lg-2 gutters-row-md-2 gutters-row-0 gutters-row-v-lg-2 gutters-row-v-md-2 gutters-row-v-2 style-543 style-local-93-c3 position-relative\">\n        <!---->\n        <div class=\"h-row justify-content-lg-center justify-content-md-center justify-content-center align-items-lg-stretch align-items-md-stretch align-items-stretch gutters-col-lg-2 gutters-col-md-2 gutters-col-0 gutters-col-v-lg-2 gutters-col-v-md-2 gutters-col-v-2\">\n          <!---->\n          <div class=\"h-column h-column-container d-flex h-col-lg-auto h-col-md-auto h-col-auto style-544-outer style-local-93-c4-outer\">\n            <div data-colibri-id=\"93-c4\" class=\"d-flex h-flex-basis h-column__inner h-px-lg-2 h-px-md-2 h-px-2 v-inner-lg-2 v-inner-md-2 v-inner-2 style-544 style-local-93-c4 position-relative\">\n              <!---->\n              <!---->\n              <div class=\"w-100 h-y-container h-column__content h-column__v-align flex-basis-100 align-self-lg-start align-self-md-start align-self-start\">\n                <!---->\n                <div data-colibri-id=\"93-c11\" class=\"h-text h-text-component style-562 style-local-93-c11 position-relative h-element\">\n                  <!---->\n                  <!---->\n                  <div class=\"\">\n                    <p>Disparition de la page de contact temporairement afin de pouvoir r\u00e9gler un probl\u00e8me de botting sur le formulaire. Je reste joignable sur linkedin ou twitter.\n                      <br>Merci de votre compr\u00e9hension<\/p>\n                  <\/div>\n                <\/div>\n              <\/div>\n            <\/div>\n          <\/div>\n        <\/div>\n      <\/div>\n      <div data-colibri-id=\"93-c6\" class=\"h-row-container gutters-row-lg-2 gutters-row-md-2 gutters-row-0 gutters-row-v-lg-2 gutters-row-v-md-2 gutters-row-v-2 style-547 style-local-93-c6 position-relative\">\n        <!---->\n        <div class=\"h-row justify-content-lg-center justify-content-md-center justify-content-center align-items-lg-stretch align-items-md-stretch align-items-stretch gutters-col-lg-2 gutters-col-md-2 gutters-col-0 gutters-col-v-lg-2 gutters-col-v-md-2 gutters-col-v-2\">\n          <!---->\n          <div class=\"h-column h-column-container d-flex h-col-lg-auto h-col-md-auto h-col-auto style-548-outer style-local-93-c7-outer\">\n            <div data-colibri-id=\"93-c7\" class=\"d-flex h-flex-basis h-column__inner h-px-lg-2 h-px-md-2 h-px-2 v-inner-lg-2 v-inner-md-2 v-inner-2 style-548 style-local-93-c7 position-relative\">\n              <!---->\n              <!---->\n              <div class=\"w-100 h-y-container h-column__content h-column__v-align flex-basis-100 align-self-lg-start align-self-md-start align-self-start\">\n                <!---->\n                <div data-colibri-id=\"93-c8\" class=\"h-icon style-551 style-local-93-c8 position-relative h-element\">\n                  <!---->\n                  <a href=\"https:\/\/www.linkedin.com\/in\/pascal-crochard-chaboxxhf\/\" h-use-smooth-scroll=\"true\"><span class=\"h-svg-icon h-icon__icon style-551-icon style-local-93-c8-icon\"><!--Icon by Font Awesome (https:\/\/fontawesome.com)-->\n    <svg version=\"1.1\" xmlns=\"http:\/\/www.w3.org\/2000\/svg\" xmlns:xlink=\"http:\/\/www.w3.org\/1999\/xlink\" id=\"linkedin-square\" viewBox=\"0 0 1536 1896.0833\">\n      <path d=\"M237 1414h231V720H237v694zm246-908q-1-52-36-86t-93-34-94.5 34-36.5 86q0 51 35.5 85.5T351 626h1q59 0 95-34.5t36-85.5zm585 908h231v-398q0-154-73-233t-193-79q-136 0-209 117h2V720H595q3 66 0 694h231v-388q0-38 7-56 15-35 45-59.5t74-24.5q116 0 116 157v371zm468-998v960q0 119-84.5 203.5T1248 1664H288q-119 0-203.5-84.5T0 1376V416q0-119 84.5-203.5T288 128h960q119 0 203.5 84.5T1536 416z\"><\/path>\n    <\/svg><\/span><\/a>\n                <\/div>\n              <\/div>\n            <\/div>\n          <\/div>\n          <div class=\"h-column h-column-container d-flex h-col-lg-auto h-col-md-auto h-col-auto style-549-outer style-local-93-c9-outer\">\n            <div data-colibri-id=\"93-c9\" class=\"d-flex h-flex-basis h-column__inner h-px-lg-2 h-px-md-2 h-px-2 v-inner-lg-2 v-inner-md-2 v-inner-2 style-549 style-local-93-c9 position-relative\">\n              <!---->\n              <!---->\n              <div class=\"w-100 h-y-container h-column__content h-column__v-align flex-basis-100 align-self-lg-start align-self-md-start align-self-start\">\n                <!---->\n                <div data-colibri-id=\"93-c10\" class=\"h-icon style-553 style-local-93-c10 position-relative h-element\">\n                  <!---->\n                  <a href=\"https:\/\/twitter.com\/ChaBoxxHF_yt\" h-use-smooth-scroll=\"true\"><span class=\"h-svg-icon h-icon__icon style-553-icon style-local-93-c10-icon\"><!--Icon by Font Awesome (https:\/\/fontawesome.com)-->\n    <svg version=\"1.1\" xmlns=\"http:\/\/www.w3.org\/2000\/svg\" xmlns:xlink=\"http:\/\/www.w3.org\/1999\/xlink\" id=\"twitter-square\" viewBox=\"0 0 1536 1896.0833\">\n      <path d=\"M1280 610q-56 25-121 34 68-40 93-117-65 38-134 51-61-66-153-66-87 0-148.5 61.5T755 722q0 29 5 48-129-7-242-65T326 550q-29 50-29 106 0 114 91 175-47-1-100-26v2q0 75 50 133.5t123 72.5q-29 8-51 8-13 0-39-4 21 63 74.5 104t121.5 42q-116 90-261 90-26 0-50-3 148 94 322 94 112 0 210-35.5t168-95 120.5-137 75-162T1176 746q0-18-1-27 63-45 105-109zm256-194v960q0 119-84.5 203.5T1248 1664H288q-119 0-203.5-84.5T0 1376V416q0-119 84.5-203.5T288 128h960q119 0 203.5 84.5T1536 416z\"><\/path>\n    <\/svg><\/span><\/a>\n                <\/div>\n              <\/div>\n            <\/div>\n          <\/div>\n        <\/div>\n      <\/div>\n    <\/div>\n  <\/div>\n<\/div>","protected":false},"excerpt":{"rendered":"<p>Disparition de la page de contact temporairement afin de pouvoir r\u00e9gler un probl\u00e8me de botting sur le formulaire. Je reste joignable sur linkedin ou twitter. Merci de votre compr\u00e9hension<\/p>\n","protected":false},"author":1,"featured_media":0,"parent":0,"menu_order":0,"comment_status":"closed","ping_status":"closed","template":"page-templates\/full-width-page.php","meta":{"footnotes":""},"class_list":["post-93","page","type-page","status-publish","hentry"],"_links":{"self":[{"href":"https:\/\/pascal.crochard.dev\/index.php\/wp-json\/wp\/v2\/pages\/93","targetHints":{"allow":["GET"]}}],"collection":[{"href":"https:\/\/pascal.crochard.dev\/index.php\/wp-json\/wp\/v2\/pages"}],"about":[{"href":"https:\/\/pascal.crochard.dev\/index.php\/wp-json\/wp\/v2\/types\/page"}],"author":[{"embeddable":true,"href":"https:\/\/pascal.crochard.dev\/index.php\/wp-json\/wp\/v2\/users\/1"}],"replies":[{"embeddable":true,"href":"https:\/\/pascal.crochard.dev\/index.php\/wp-json\/wp\/v2\/comments?post=93"}],"version-history":[{"count":15,"href":"https:\/\/pascal.crochard.dev\/index.php\/wp-json\/wp\/v2\/pages\/93\/revisions"}],"predecessor-version":[{"id":827,"href":"https:\/\/pascal.crochard.dev\/index.php\/wp-json\/wp\/v2\/pages\/93\/revisions\/827"}],"wp:attachment":[{"href":"https:\/\/pascal.crochard.dev\/index.php\/wp-json\/wp\/v2\/media?parent=93"}],"curies":[{"name":"wp","href":"https:\/\/api.w.org\/{rel}","templated":true}]}}